{"id":147,"date":"2025-03-28T12:52:23","date_gmt":"2025-03-28T12:52:23","guid":{"rendered":"https:\/\/kosmetikvilla.de\/?page_id=147"},"modified":"2025-03-28T13:03:06","modified_gmt":"2025-03-28T13:03:06","slug":"datenschutz","status":"publish","type":"page","link":"https:\/\/kosmetikvilla.de\/index.php\/datenschutz\/","title":{"rendered":"Datenschutz"},"content":{"rendered":"\t\t<div data-elementor-type=\"wp-page\" data-elementor-id=\"147\" class=\"elementor elementor-147\">\n\t\t\t\t<div class=\"elementor-element elementor-element-71fca8a e-flex e-con-boxed e-con e-parent\" data-id=\"71fca8a\" data-element_type=\"container\">\n\t\t\t\t\t<div class=\"e-con-inner\">\n\t\t\t\t<div class=\"elementor-element elementor-element-42e58b1 elementor-widget elementor-widget-text-editor\" data-id=\"42e58b1\" data-element_type=\"widget\" data-widget_type=\"text-editor.default\">\n\t\t\t\t<div class=\"elementor-widget-container\">\n\t\t\t\t\t\t\t\t\t<h1>Datenschutz<\/h1><p>Diese Anwendung erhebt personenbezogene Daten von ihren Nutzern.<\/p><p><br \/><strong>Anbieter und Verantwortlicher<\/strong><br \/>Ines Zelno<br \/>Vorchtelstrasse 3<br \/>90480 N\u00fcrnberg<br \/>Telefonnummer: 0911 4010183<br \/>E-Mail-Adresse: zelnoines@yahoo.de<\/p><p><br \/><strong>Datenschutzerkl\u00e4rung<br \/><\/strong>Die Nutzung unserer Webseite und unserer APP ist in der Regel ohne Angabe personenbezogener Daten m\u00f6glich.<br \/>Soweit auf unseren Seiten personenbezogene Daten (beispielsweise Name, Anschrift oder eMail-Adressen) erhoben werden, erfolgt dies, soweit m\u00f6glich, stets auf freiwilliger Basis. Diese Daten werden ohne Ihre ausdr\u00fcckliche Zustimmung nicht an Dritte weitergegeben.<br \/>Wir weisen darauf hin, dass die Daten\u00fcbertragung im Internet (z.B. bei der Kommunikation per E-Mail)<br \/>Sicherheitsl\u00fccken aufweisen kann. Ein l\u00fcckenloser Schutz der Daten vor dem Zugriff durch Dritte ist nicht m\u00f6glich.<br \/>Der Nutzung von im Rahmen der Impressumspflicht ver\u00f6ffentlichten Kontaktdaten durch Dritte zur \u00dcbersendung von nicht ausdr\u00fccklich angeforderter Werbung und Informationsmaterialien wird hiermit ausdr\u00fccklich widersprochen. Die Betreiber der Seiten behalten sich ausdr\u00fccklich rechtliche Schritte im Falle der unverlangten Zusendung von Werbeinformationen, etwa durch Spam-Mails, vor.<\/p><p><strong>Datenschutzerklarung f\u00fcr die Nutzung von Google <\/strong><strong>Analytics<\/strong><br \/>Diese Webseite und die APP benutzt Google Analytics, einen Webanalysedienst der Google Inc. (&#8222;Google&#8220;). Google Analytics verwendet sog. &#8222;Cookies&#8220;, Textdateien, die auf Ihrem Computer gespeichert werden und die eine Analyse der Benutzung der Website durch Sie erm\u00f6glichen. Die durch den Cookie erzeugten Informationen \u00fcber Ihre Benutzung dieser Website werden in der Regel an einen Server von Google in den USA \u00fcbertragen und dort gespeichert. Im Falle der Aktivierung der IP-Anonymisierung auf dieser Webseite wird Ihre IP-Adresse von Google jedoch innerhalb von Mitgliedstaaten der Europ\u00e4ischen Union oder in anderen Vertragsstaaten des Abkommens \u00fcber den Europ\u00e4ischen Wirtschaftsraum zuvor gek\u00fcrzt.<br \/>Nur in Ausnahmef\u00e4llen wird die volle IP-Adresse an einen Server von Google in den USA \u00fcbertragen und dort gek\u00fcrzt.<br \/>Im Auftrag des Betreibers dieser Website wird Google diese Informationen benutzen, um Ihre Nutzung der Website auszuwerten, um Reports \u00fcber die Websiteaktivit\u00e4ten zusammenzustellen und um weitere mit der Websitenutzung und der Internetnutzung verbundene Dienstleistungen gegen\u00fcber dem Websitebetreiber zu erbringen. Die im Rahmen von Google Analytics von Ihrem Browser \u00fcbermittelte IP-Adresse wird nicht mit anderen Daten von Google zusammengef\u00fchrt.<br \/>Sie k\u00f6nnen die Speicherung der Cookies durch eine entsprechende Einstellung Ihrer Browser-Software verhindern; wir weisen Sie jedoch darauf hin, dass Sie in diesem Fall gegebenenfalls nicht s\u00e4mtliche Funktionen dieser Website vollumf\u00e4nglich werden nutzen k\u00f6nnen. Sie k\u00f6nnen dar\u00fcber hinaus die Erfassung der durch das Cookie erzeugten und auf Ihre Nutzung der Website bezogenen Daten (inkl. Ihrer IP-Adresse) an Google sowie die Verarbeitung dieser Daten durch Google verhindern, indem sie das unter dem folgenden Link verf\u00fcgbare Browser-Plugin herunterladen und installieren:<a href=\"http:\/\/tools.google.com\/dlpage\/gaoptout?hl=de\"> http:\/\/tools.google.com\/dlpage\/gaoptout?hl=de<\/a><\/p><p><strong>Datenschutzerkl\u00e4rung f\u00fcr die Nutzung von Google Adsense<\/strong><br \/>Diese Webseite und die APP benutzt Google AdSense, einen Dienst zum Einbinden von Werbeanzeigen der Google Inc.<br \/>(&#8222;Google&#8220;). Google AdSense verwendet sog. &#8222;Cookies&#8220;, Textdateien, die auf Ihrem Computer gespeichert werden und die eine Analyse der Benutzung der Website erm\u00f6glicht.<br \/>Google AdSense verwendet auch so genannte Web Beacons (unsichtbare Grafiken). Durch diese Web Beacons k\u00f6nnen Informationen wie der Besucherverkehr auf diesen Seiten ausgewertet werden.<br \/>Die durch Cookies und Web Beacons erzeugten Informationen \u00fcber die Benutzung dieser Webseite und der<br \/>APP (einschlie\u00dflich Ihrer IP-Adresse) und Auslieferung von Werbeformaten werden an einen Server von Google in den<br \/>USA \u00fcbertragen und dort gespeichert. Diese Informationen k\u00f6nnen von Google an Vertragspartner von Google weiter gegeben werden. Google wird Ihre IP-Adresse jedoch nicht mit anderen von Ihnen gespeicherten Daten zusammenf\u00fchren.<br \/>Sie k\u00f6nnen die Installation der Cookies durch eine entsprechende Einstellung Ihrer Browser Software verhindern; wir weisen Sie jedoch darauf hin, dass Sie in diesem Fall gegebenenfalls nicht s\u00e4mtliche Funktionen dieser Website voll umf\u00e4nglich nutzen k\u00f6nnen. Durch die Nutzung dieser Webseite und der APP erkl\u00e4ren Sie sich mit der Bearbeitung der \u00fcber Sie erhobenen Daten durch Google in der zuvor beschriebenen Art und Weise und zu dem zuvor benannten Zweck einverstanden.<\/p><p><strong>Datenschutzerkl\u00e4rung f\u00fcr die Nutzung von &#8222;Kosmetik Villa &#8211; <\/strong><strong>APP&#8220;<\/strong><br \/>Mit dem Abonnieren unserer Anwendung akzeptieren Sie die unten definierten allgemeinen Gesch\u00e4ftsbedingungen:<br \/><br \/>Diese Anwendung sammelt einige pers\u00f6nliche Daten von ihren Benutzern.<br \/>Zusammengefasst werden pers\u00f6nliche Daten f\u00fcr die folgenden Zwecke gesammelt, mit den folgenden Diensten:<br \/>Pers\u00f6nliche Daten: Die App-Registrierung und verschiedenen<br \/>Arten von Daten<br \/>Inhalt kommentieren und teilen<br \/>Pers\u00f6nliche Daten: Cookie und Nutzungsdaten<\/p><p><br \/><strong>Vollst\u00e4ndige Richtlinie:<\/strong><br \/>Datenverantwortlicher und Eigent\u00fcmer: Arten von Daten von personenbezogener Daten werden gesammelt, die von dieser Anwendung sellost oder \u00fcber Dritte erfasst werden, dazu geh\u00f6ren: Cookie- und Nutzungsdaten. Andere erhobene pers\u00f6nliche Daten k\u00f6nnen in anderen Abschnitten dieser Jatenschutzrichtlinie oder durch einen erkl\u00e4renden Erkl\u00e4rungstext im Zusammenhang mit der Datensammlung beschrieben werden. Die personenbezogenen Daten k\u00f6nnen vom Benutzer frei bereitgestellt oder bei der Verwendung dieser Anwendung automatisch erfasst werden.<br \/><br \/>Jede Verwendung von Cookies &#8211; oder anderen Tracking-Tools<br \/>&#8211; durch diese Anwendung oder durch die Inhaber von Diensten Dritter, sofern nicht anders angegeben, dient dazu, Benutzer zu identifizieren und ihre Pr\u00e4ferenzen zu speichern, nur die von der Benutzer. Wenn Sie bestimmte personenbezogene Daten nicht angeben, kann dies dazu f\u00fchren, dass diese Anwendung ihre Dienste nicht bereitstellen kann.<\/p><p>Der Benutzer \u00fcbernimmt die V<br \/>erantwortung f\u00fcr die personenbezogenen Daten von Dritten, die \u00fcber diese Anwendung ver\u00f6ffentlicht oder geteilt werden, und erklart, dass er das Recht hat, diese zu \u00fcbermitteln oder zu \u00fcbertragen, wodurch der Datenverwalter von jeglicher Verantwortung entbunden wird.<br \/><br \/><strong>Modus und Ort der Verarbeitung der Daten<br \/><\/strong><br \/>Verarbeitungsmethoden: Der Datenverantwortliche verarbeitet die Daten der Benutzer in geeigneter Weise und ergreift geeignete Sicherheitsma\u00dfnahmen, um unbefugten Zugriff, Offenlegung, \u00c4nderung oder unbefugte Zerst\u00f6rung der Daten zu verhindern. Die Datenverarbeitung erfolgt mithilfe von Computern und \/ oder IT-f\u00e4higen Tools, wobei die organisatorischen Verfahren und Modi strikt mit den angegebenen Zwecken zusammenh\u00e4ngen. Zus\u00e4tzlich zu den Jatenverwaltern k\u00f6nnen die Daten in einigen F\u00e4llen f\u00fcr bestimmte Arten von verantwortlichen Personen zug\u00e4nglich sein, die mit dem Betrieb der Website (Verwaltung, Vertrieb, Marketing, Recht, Systemadministration) oder externen Parteien (z. B. Dritte) befasst sind (technische Dienstleister, Postbef\u00f6rderer, Hosting-Provider, IT-Unternehmen, Kommunikationsagenturen), die erforderlichenfalls vom Eigent\u00fcmer als Datenverarbeiter benannt werden. Die aktualisierte Liste dieser Parteien kann jederzeit vom Datenverantwortlichen angefordert werden.<br \/><br \/>Ort: Die Daten werden in den Betriebsb\u00fcros des Datenverantwortlichen und an anderen Orten verarbeitet, an denen sich die an der Verarbeitung beteiligten Parteien befinden. F\u00fcr weitere Informationen wenden Sie sich bitte an den Datenverantwortlichen.<br \/><br \/>Retentionszeit: Die Daten werden f\u00fcr die Zeit aufbewahrt, die erforderlich ist, um den vom Benutzer angeforderten Dienst bereitzustellen, oder der zu den in diesem Dokument beschriebenen Zwecken angegeben ist, und der Benutzer kann jederzeit anfordern, dass der Datenverantwortliche die Daten aussetzt oder entfernt.<br \/><br \/>Die Verwendung der gesammelten Daten: Die Daten, die den Benutzer betreffen, werden gesammelt, um der Anwendung die Bereitstellung ihrer Dienste zu erm\u00f6glichen, sowie f\u00fcr folgende Zwecke: Zugriff auf Konten von Drittanbieterdiensten, Erstellung des Benutzers im App-Profil, Kommentieren von Inhalten und Interaktion mit externen sozialen Netzwerken und Plattformen. Die f\u00fcr jeden Zweck verwendeten pers\u00f6nlichen Daten sind in den spezifischen Abschnitten dieses Dokuments aufgef\u00fchrt.<br \/><br \/>Diese Dienste erm\u00f6glichen es dieser Anwendung, auf Daten von Ihrem Konto in einem Drittanbieterdienst zuzugreifen und damit Aktionen auszuf\u00fchren. Diese Dienste werden nicht automatisch aktiviert, sondern erfordern eine explizite Autorisierung durch den Benutzer.<br \/><br \/>Klage: Die personenbezogenen Daten des Nutzers k\u00f6nnen zu rechtlichen Zwecken vom Datenverwalter, vor Gericht oder in den Phasen verwendet werden, die zu m\u00f6glichen rechtlichen Schritten f\u00fchren, die sich aus der missbr\u00e4uchlichen Verwendung dieser Anwendung oder der damit verbundenen Dienste ergeben. Der Benutzer ist sich der Tatsache bewusst, dass der Datenverantwortliche auf Ersuchen der Beh\u00f6rden aufgefordert werden kann, pers\u00f6nliche Daten preiszugeben. Zus\u00e4tzliche Informationen zu den pers\u00f6nlichen Daten des Benutzers: Zus\u00e4tzlich zu den in dieser Datenschutzerkl\u00e4rung enthaltenen Informationen kann diese Anwendung dem Nutzer zus\u00e4tzliche und kontext-bezogene Informationen \u00fcber bestimmte Dienstleistungen oder die Erhebung und Verarbeitung personenbezogener Daten auf Anfrage zur Verf\u00fcgung stellen.<br \/><br \/>Systemprotokolle und Wartung: Zu Betriebs- und Wartungszwecken k\u00f6nnen diese Anwendung und Dienste von Drittanbietern Dateien erfassen, die die Interaktion mit dieser Anwendung aufzeichnen (Systemprotokolle) oder zu diesem Zweck andere personenbezogene Daten (z. B. IP-<br \/>Adresse) verwenden.<br \/><br \/>Informationen, die nicht in dieser Richtlinie enthalten sind:<br \/>Weitere Einzelheiten bez\u00fcglich der Erhebung oder Verarbeitung personenbezogener Daten k\u00f6nnen jederzeit vom Datenverwalter angefordert werden. Bitte beachten Sie die Kontaktinformationen am Anfang dieses Dokuments.<br \/><br \/>Die Rechte der Benutzer: Der Nutzer hat jederzeit das Recht zu wissen, ob seine personenbezogenen Daten gespeichert wurden, und er kann den Datenverwalter konsultieren, um sich \u00fcber deren Inhalt und Herkunft zu informieren, ihre Richtigkeit zu \u00fcberpr\u00fcfen oder sie um Erg\u00e4nzung, L\u00f6schung, Aktualisierung oder Korrektur zu bitten. oder f\u00fcr die Umwandlung in anonymes Format oder zur Sperrung von Daten, die gegen geltendes Recht versto\u00dfen, sowie gegen deren Behandlung aus allen legitimen Gr\u00fcnden. Antragen sollten an den Datenverantwortlichen unter den oben angegebenen Kontaktinformationen gesendet werden.<br \/><br \/>Diese Anwendung unterst\u00fctzt keine &#8222;Do Not Track&#8220; &#8211; Anfragen. Um festzustellen, ob die von einem Drittanbieter verwendeten Dienste die &#8222;Do Not Track&#8220; -Anforderungen erf\u00fcllen, lesen Sie bitte deren Datenschutzrichtlinien.<br \/><br \/>\u00c4nderungen an dieser Datenschutzrichtlinie: Der Datenverwalter beh\u00e4lt sich das Recht vor, jederzeit \u00c4nderungen an dieser Datenschutzerkl\u00e4rung vorzunehmen, indem er seine Benutzer auf dieser Seite dar\u00fcber informiert.<br \/>Es wird dringend empfohlen, diese Seite h\u00e4ufig zu \u00fcberpr\u00fcfen, wobei auf das Datum der letzten am Ende aufgef\u00fchrten \u00c4nderung Bezug genommen wird. Wenn ein Benutzer einer der \u00c4nderungen an der Richtlinie widerspricht, muss der Benutzer die Verwendung dieser Anwendung einstellen und kann verlangen, dass der Datenverantwortliche die pers\u00f6nlichen Daten l\u00f6scht. Sofern nicht anders angegeben, gilt die Datenschutzrichtlinie f\u00fcr alle personenbezogenen Daten, die der Datenverantwortliche \u00fcber Benutzer hat.<br \/><br \/><strong>Definitionen und rechtliche Hinweise<br \/><\/strong><br \/>Pers\u00f6nliche Daten (oder Daten): Alle Informationen in Bezug auf eine nat\u00fcrliche Person, eine juristische Person, eine Einrichtung oder eine Vereinigung, die, auch indirekt, unter Bezugnahme auf andere Informationen, einschlie\u00dflich einer pers\u00f6nlichen Identifikationsnummer, identifiziert werden kann oder werden kann.<br \/><br \/>Nutzungsdaten: Automatisch von dieser Anwendung gesammelte Informationen (oder Dienste von Drittanbietern, die in dieser Anwendung verwendet werden), die Folgendes umfassen k\u00f6nnen: die IP-Adressen oder Domainnamen der von den Benutzern dieser Anwendung verwendeten Computer, die URI-Adressen (Uniform Resource Identifier), die Uhrzeit der Anfrage, die Methode, die verwendet wird, um die Anfrage an den Server zu senden, die Gr\u00f6\u00dfe der als Antwort erhaltenen Datei, den numerischen Code, der den Status der Antwort des Servers angibt (erfolgreiches Ergebnis, Fehler usw.), das Ursprungsland, Funktionen des Browsers und des vom Benutzer verwendeten Betriebssystems, die verschiedenen Zeitangaben pro Besuch (z. B. die aufjeder Seite innerhalb der Anwendung verbrachte Zeit) und die Details \u00fcber den in der Anwendung verfolgten Pfad mit besonderem Bezug auf die Reihenfolge der Seiten und andere Parameter \u00fcber das Betriebssystem des Ger\u00e4ts und \/ oder die IT-Umgebung des Benutzers.<br \/><br \/>Benutzer: Die Person, die diese Anwendung verwendet, muss mit dem Datensubjekt \u00fcbereinstimmen oder von diesem autorisiert sein, auf das sich die personenbezogenen Daten beziehen.<br \/><br \/>Datensubjekt: Die juristische oder nat\u00fcrliche Person, auf die sich die personenbezogenen Daten beziehen.<br \/>Datenprozessor (oder Datensupervisor): Die nat\u00fcrliche Person, die juristische Person, die \u00f6ffentliche Verwaltung oder jede andere Stelle, Vereinigung oder Organisation, die vom Datenverwalter dazu erm\u00e4chtigt wurde, die personenbezogenen Daten in \u00dcbereinstimmung mit dieser Datenschutzrichtlinie zu verarbeiten.<br \/><br \/>Datenverantwortlicher (oder Besitzer): Die nat\u00fcrliche Person, juristische Person, \u00f6ffentliche Verwaltung oder jede andere Einrichtung, Vereinigung oder Organisation mit dem Recht, auch gemeinsam mit einem anderen Datenverwalter \u00fcber die Zwecke und die Methoden der Verarbeitung personenbezogener Daten und die verwendeten Mittel, einschlie\u00dflich der Sicherheitsma\u00dfnahmen in Bezug auf den Betrieb und die Verwendung dieser Anwendung. Der Datenverantwortliche ist, sofern nicht anders angegeben, der Eigent\u00fcmer dieser Anwendung.<br \/><br \/>Diese Anwendung ist das Hard- oder Softwarewerkzeug, mit dem die personenbezogenen Daten des Benutzers erfasst werden.<br \/><br \/>Cookies: Kleines Datenst\u00fcck, das auf dem Ger\u00e4t des Benutzers gespeichert ist.<br \/><br \/>Rechtsinformation Hinweis f\u00fcr europ\u00e4ische Benutzer: Diese<br \/>Datenschutzerkl\u00e4rung wurde in Erf\u00fcllung der Verpflichtungen aus Art. 10 der EG-Richtlinie n. 95\/46 \/ EG und gem\u00e4\u00df der Richtlinie 2002\/58 \/ EC, in der durch die Richtlinie 2009\/136 \/ EG ge\u00e4nderten Fassung, zum Thema Cookies erstellt.<br \/><br \/>Diese Datenschutzerkl\u00e4rung bezieht sich ausschlie\u00dflich auf diese Anwendung.<br \/><br \/>Quellenangaben: Datenschutzerkl\u00e4rung Google Analytics,\u00a0Google\u00a0Adsense<\/p>\t\t\t\t\t\t\t\t<\/div>\n\t\t\t\t<\/div>\n\t\t\t\t\t<\/div>\n\t\t\t\t<\/div>\n\t\t\t\t<\/div>\n\t\t","protected":false},"excerpt":{"rendered":"<p>Datenschutz Diese Anwendung erhebt personenbezogene Daten von ihren Nutzern. Anbieter und VerantwortlicherInes ZelnoVorchtelstrasse 390480 N\u00fcrnbergTelefonnummer: 0911 4010183E-Mail-Adresse: zelnoines@yahoo.de Datenschutzerkl\u00e4rungDie Nutzung unserer Webseite und unserer APP ist in der Regel ohne Angabe personenbezogener Daten m\u00f6glich.Soweit auf unseren Seiten personenbezogene Daten (beispielsweise Name, Anschrift oder eMail-Adressen) erhoben werden, erfolgt dies, soweit m\u00f6glich, stets auf freiwilliger Basis. Diese [&hellip;]<\/p>\n","protected":false},"author":1,"featured_media":0,"parent":0,"menu_order":0,"comment_status":"closed","ping_status":"closed","template":"","meta":{"footnotes":""},"class_list":["post-147","page","type-page","status-publish","hentry","entry"],"yoast_head":"<!-- This site is optimized with the Yoast SEO plugin v24.7 - https:\/\/yoast.com\/wordpress\/plugins\/seo\/ -->\n<title>Datenschutz - Kosmetik Villa<\/title>\n<meta name=\"robots\" content=\"index, follow, max-snippet:-1, max-image-preview:large, max-video-preview:-1\" \/>\n<link rel=\"canonical\" href=\"https:\/\/kosmetikvilla.de\/index.php\/datenschutz\/\" \/>\n<meta property=\"og:locale\" content=\"de_DE\" \/>\n<meta property=\"og:type\" content=\"article\" \/>\n<meta property=\"og:title\" content=\"Datenschutz - Kosmetik Villa\" \/>\n<meta property=\"og:description\" content=\"Datenschutz Diese Anwendung erhebt personenbezogene Daten von ihren Nutzern. Anbieter und VerantwortlicherInes ZelnoVorchtelstrasse 390480 N\u00fcrnbergTelefonnummer: 0911 4010183E-Mail-Adresse: zelnoines@yahoo.de Datenschutzerkl\u00e4rungDie Nutzung unserer Webseite und unserer APP ist in der Regel ohne Angabe personenbezogener Daten m\u00f6glich.Soweit auf unseren Seiten personenbezogene Daten (beispielsweise Name, Anschrift oder eMail-Adressen) erhoben werden, erfolgt dies, soweit m\u00f6glich, stets auf freiwilliger Basis. Diese [&hellip;]\" \/>\n<meta property=\"og:url\" content=\"https:\/\/kosmetikvilla.de\/index.php\/datenschutz\/\" \/>\n<meta property=\"og:site_name\" content=\"Kosmetik Villa\" \/>\n<meta property=\"article:modified_time\" content=\"2025-03-28T13:03:06+00:00\" \/>\n<meta name=\"twitter:card\" content=\"summary_large_image\" \/>\n<meta name=\"twitter:label1\" content=\"Gesch\u00e4tzte Lesezeit\" \/>\n\t<meta name=\"twitter:data1\" content=\"11\u00a0Minuten\" \/>\n<script type=\"application\/ld+json\" class=\"yoast-schema-graph\">{\"@context\":\"https:\/\/schema.org\",\"@graph\":[{\"@type\":\"WebPage\",\"@id\":\"https:\/\/kosmetikvilla.de\/index.php\/datenschutz\/\",\"url\":\"https:\/\/kosmetikvilla.de\/index.php\/datenschutz\/\",\"name\":\"Datenschutz - Kosmetik Villa\",\"isPartOf\":{\"@id\":\"https:\/\/kosmetikvilla.de\/#website\"},\"datePublished\":\"2025-03-28T12:52:23+00:00\",\"dateModified\":\"2025-03-28T13:03:06+00:00\",\"breadcrumb\":{\"@id\":\"https:\/\/kosmetikvilla.de\/index.php\/datenschutz\/#breadcrumb\"},\"inLanguage\":\"de\",\"potentialAction\":[{\"@type\":\"ReadAction\",\"target\":[\"https:\/\/kosmetikvilla.de\/index.php\/datenschutz\/\"]}]},{\"@type\":\"BreadcrumbList\",\"@id\":\"https:\/\/kosmetikvilla.de\/index.php\/datenschutz\/#breadcrumb\",\"itemListElement\":[{\"@type\":\"ListItem\",\"position\":1,\"name\":\"Startseite\",\"item\":\"https:\/\/kosmetikvilla.de\/\"},{\"@type\":\"ListItem\",\"position\":2,\"name\":\"Datenschutz\"}]},{\"@type\":\"WebSite\",\"@id\":\"https:\/\/kosmetikvilla.de\/#website\",\"url\":\"https:\/\/kosmetikvilla.de\/\",\"name\":\"Kosmetik Villa\",\"description\":\"\",\"publisher\":{\"@id\":\"https:\/\/kosmetikvilla.de\/#organization\"},\"potentialAction\":[{\"@type\":\"SearchAction\",\"target\":{\"@type\":\"EntryPoint\",\"urlTemplate\":\"https:\/\/kosmetikvilla.de\/?s={search_term_string}\"},\"query-input\":{\"@type\":\"PropertyValueSpecification\",\"valueRequired\":true,\"valueName\":\"search_term_string\"}}],\"inLanguage\":\"de\"},{\"@type\":\"Organization\",\"@id\":\"https:\/\/kosmetikvilla.de\/#organization\",\"name\":\"Kosmetik Villa\",\"url\":\"https:\/\/kosmetikvilla.de\/\",\"logo\":{\"@type\":\"ImageObject\",\"inLanguage\":\"de\",\"@id\":\"https:\/\/kosmetikvilla.de\/#\/schema\/logo\/image\/\",\"url\":\"https:\/\/kosmetikvilla.de\/wp-content\/uploads\/2025\/03\/cropped-cropped-Logo-removebg-preview.png\",\"contentUrl\":\"https:\/\/kosmetikvilla.de\/wp-content\/uploads\/2025\/03\/cropped-cropped-Logo-removebg-preview.png\",\"width\":540,\"height\":369,\"caption\":\"Kosmetik Villa\"},\"image\":{\"@id\":\"https:\/\/kosmetikvilla.de\/#\/schema\/logo\/image\/\"}}]}<\/script>\n<!-- \/ Yoast SEO plugin. -->","yoast_head_json":{"title":"Datenschutz - Kosmetik Villa","robots":{"index":"index","follow":"follow","max-snippet":"max-snippet:-1","max-image-preview":"max-image-preview:large","max-video-preview":"max-video-preview:-1"},"canonical":"https:\/\/kosmetikvilla.de\/index.php\/datenschutz\/","og_locale":"de_DE","og_type":"article","og_title":"Datenschutz - Kosmetik Villa","og_description":"Datenschutz Diese Anwendung erhebt personenbezogene Daten von ihren Nutzern. Anbieter und VerantwortlicherInes ZelnoVorchtelstrasse 390480 N\u00fcrnbergTelefonnummer: 0911 4010183E-Mail-Adresse: zelnoines@yahoo.de Datenschutzerkl\u00e4rungDie Nutzung unserer Webseite und unserer APP ist in der Regel ohne Angabe personenbezogener Daten m\u00f6glich.Soweit auf unseren Seiten personenbezogene Daten (beispielsweise Name, Anschrift oder eMail-Adressen) erhoben werden, erfolgt dies, soweit m\u00f6glich, stets auf freiwilliger Basis. Diese [&hellip;]","og_url":"https:\/\/kosmetikvilla.de\/index.php\/datenschutz\/","og_site_name":"Kosmetik Villa","article_modified_time":"2025-03-28T13:03:06+00:00","twitter_card":"summary_large_image","twitter_misc":{"Gesch\u00e4tzte Lesezeit":"11\u00a0Minuten"},"schema":{"@context":"https:\/\/schema.org","@graph":[{"@type":"WebPage","@id":"https:\/\/kosmetikvilla.de\/index.php\/datenschutz\/","url":"https:\/\/kosmetikvilla.de\/index.php\/datenschutz\/","name":"Datenschutz - Kosmetik Villa","isPartOf":{"@id":"https:\/\/kosmetikvilla.de\/#website"},"datePublished":"2025-03-28T12:52:23+00:00","dateModified":"2025-03-28T13:03:06+00:00","breadcrumb":{"@id":"https:\/\/kosmetikvilla.de\/index.php\/datenschutz\/#breadcrumb"},"inLanguage":"de","potentialAction":[{"@type":"ReadAction","target":["https:\/\/kosmetikvilla.de\/index.php\/datenschutz\/"]}]},{"@type":"BreadcrumbList","@id":"https:\/\/kosmetikvilla.de\/index.php\/datenschutz\/#breadcrumb","itemListElement":[{"@type":"ListItem","position":1,"name":"Startseite","item":"https:\/\/kosmetikvilla.de\/"},{"@type":"ListItem","position":2,"name":"Datenschutz"}]},{"@type":"WebSite","@id":"https:\/\/kosmetikvilla.de\/#website","url":"https:\/\/kosmetikvilla.de\/","name":"Kosmetik Villa","description":"","publisher":{"@id":"https:\/\/kosmetikvilla.de\/#organization"},"potentialAction":[{"@type":"SearchAction","target":{"@type":"EntryPoint","urlTemplate":"https:\/\/kosmetikvilla.de\/?s={search_term_string}"},"query-input":{"@type":"PropertyValueSpecification","valueRequired":true,"valueName":"search_term_string"}}],"inLanguage":"de"},{"@type":"Organization","@id":"https:\/\/kosmetikvilla.de\/#organization","name":"Kosmetik Villa","url":"https:\/\/kosmetikvilla.de\/","logo":{"@type":"ImageObject","inLanguage":"de","@id":"https:\/\/kosmetikvilla.de\/#\/schema\/logo\/image\/","url":"https:\/\/kosmetikvilla.de\/wp-content\/uploads\/2025\/03\/cropped-cropped-Logo-removebg-preview.png","contentUrl":"https:\/\/kosmetikvilla.de\/wp-content\/uploads\/2025\/03\/cropped-cropped-Logo-removebg-preview.png","width":540,"height":369,"caption":"Kosmetik Villa"},"image":{"@id":"https:\/\/kosmetikvilla.de\/#\/schema\/logo\/image\/"}}]}},"_links":{"self":[{"href":"https:\/\/kosmetikvilla.de\/index.php\/wp-json\/wp\/v2\/pages\/147","targetHints":{"allow":["GET"]}}],"collection":[{"href":"https:\/\/kosmetikvilla.de\/index.php\/wp-json\/wp\/v2\/pages"}],"about":[{"href":"https:\/\/kosmetikvilla.de\/index.php\/wp-json\/wp\/v2\/types\/page"}],"author":[{"embeddable":true,"href":"https:\/\/kosmetikvilla.de\/index.php\/wp-json\/wp\/v2\/users\/1"}],"replies":[{"embeddable":true,"href":"https:\/\/kosmetikvilla.de\/index.php\/wp-json\/wp\/v2\/comments?post=147"}],"version-history":[{"count":7,"href":"https:\/\/kosmetikvilla.de\/index.php\/wp-json\/wp\/v2\/pages\/147\/revisions"}],"predecessor-version":[{"id":154,"href":"https:\/\/kosmetikvilla.de\/index.php\/wp-json\/wp\/v2\/pages\/147\/revisions\/154"}],"wp:attachment":[{"href":"https:\/\/kosmetikvilla.de\/index.php\/wp-json\/wp\/v2\/media?parent=147"}],"curies":[{"name":"wp","href":"https:\/\/api.w.org\/{rel}","templated":true}]}}